{"id":3953,"date":"2023-07-27T16:04:49","date_gmt":"2023-07-27T15:04:49","guid":{"rendered":"https:\/\/emocional.co\/?page_id=3953"},"modified":"2023-07-27T16:52:40","modified_gmt":"2023-07-27T15:52:40","slug":"aviso-legal","status":"publish","type":"page","link":"https:\/\/wp.emocional.com\/mx\/aviso-legal\/","title":{"rendered":"Aviso Legal"},"content":{"rendered":"<p>En cumplimiento con el deber de informaci\u00f3n recogido en el del art\u00edculo 10 de la Ley 34\/2002, de 11 de julio, de Servicios de la Sociedad de la Informaci\u00f3n y Comercio Electr\u00f3nico, se exponen los siguientes datos identificativos del prestador del servicio a trav\u00e9s del Sitio Web de:<\/p>\n\n\n\n<ul class=\"wp-block-list\">\n<li>Denominaci\u00f3n social: EMOCIONAL TECHNOLOGIES 22, S.L. (en adelante,&nbsp;\u00abEMOCIONAL\u00bb)<\/li>\n\n\n\n<li>Direcci\u00f3n: C\/ \u00c0laba, 61, 08005 Barcelona, Espa\u00f1a.&nbsp;<\/li>\n\n\n\n<li>NIF: B05319207<\/li>\n\n\n\n<li>Correo electr\u00f3nico: <a href=\"mailto:gdpr@wp.emocional.com\">gdpr@wp.emocional.com<\/a><\/li>\n\n\n\n<li>Registro Mercantil de Barcelona, Tomo: 3325, Folio: 46, Hoja Registral: GI-69689, Inscripci\u00f3n: 06\/04\/2021.<\/li>\n<\/ul>\n\n\n\n<p>Este Sitio Web se rige por la normativa exclusivamente aplicable en Espa\u00f1a, quedando sometida a ella, tanto nacionales como extranjeros que utilicen este Sitio Web.<\/p>\n\n\n\n<p>Este Sitio Web, por motivos de seguridad y para la protecci\u00f3n de la transmisi\u00f3n de contenidos confidenciales, utiliza un cifrado SSL o bien TLS. Podr\u00e1 identificar que la conexi\u00f3n es cifrada porque la barra de direcci\u00f3n del navegador cambia de \u00abhttp:\/\/\u00bb a \u00abhttps:\/\/\u00bb y por el s\u00edmbolo de candado en su barra de direcci\u00f3n del navegador. Si est\u00e1 activado el cifrado SSL o TLS, los datos que Usted nos transmita no podr\u00e1n ser le\u00eddos por terceros.<\/p>\n\n\n\n<p>El acceso a nuestro Sitio Web por parte del Usuario es gratuito y est\u00e1 condicionado a la previa lectura y aceptaci\u00f3n \u00edntegra, expresa y sin reservas de las presentes condiciones generales vigentes en el momento del acceso, que rogamos lea detenidamente. El Usuario en el momento que utiliza nuestro portal, sus contenidos o servicios, acepta y se somete expresamente a las condiciones generales de uso de este. Si el Usuario no estuviese de acuerdo con las presentes condiciones de uso, deber\u00e1 abstenerse de utilizar este portal y operar por medio de este.<\/p>\n\n\n\n<p><strong>Propiedad Intelectual<\/strong><\/p>\n\n\n\n<p>Todos los contenidos, textos, im\u00e1genes, marcas y c\u00f3digos fuente son de nuestra propiedad o de terceros a los que se han adquirido sus derechos de explotaci\u00f3n, y est\u00e1n protegidos por los derechos de Propiedad Intelectual e Industrial.<\/p>\n\n\n\n<p>El Usuario \u00fanicamente tiene derecho a un uso privado de los mismos, sin \u00e1nimo de lucro, y necesita autorizaci\u00f3n expresa para modificarlos, reproducirlos, explotarlos, distribuirlos o ejercer cualquier derecho perteneciente a su titular.<\/p>\n\n\n\n<p>Asimismo, el Usuario se compromete a no retirar, suprimir, alterar, manipular ni en modo alguno modificar:<\/p>\n\n\n\n<ul class=\"wp-block-list\">\n<li>Aquellas notas, leyendas, indicaciones o s\u00edmbolos que, bien EMOCIONAL o los leg\u00edtimos titulares de los derechos, incorporen a sus propiedades en materia de Propiedad Intelectual o Industrial (como por ejemplo, copyright, \u00a9, \u00ae y \u2122, etc.).&nbsp;<\/li>\n<\/ul>\n\n\n\n<ul class=\"wp-block-list\">\n<li>Los dispositivos t\u00e9cnicos de protecci\u00f3n o identificaci\u00f3n que pueda contener el material objeto de Propiedad Intelectual o Industrial (como por ejemplo, marcas de agua, huellas digitales, etc.).&nbsp;<\/li>\n<\/ul>\n\n\n\n<p>El Usuario reconoce que, EMOCIONAL no cede ni transfiere al Usuario ning\u00fan derecho de Propiedad Intelectual y\/o Industrial, o sobre cualesquiera derechos de terceras partes. EMOCIONAL s\u00f3lo autoriza al Usuario el acceso y uso de estos de conformidad con los t\u00e9rminos indicados en los presentes t\u00e9rminos y condiciones.&nbsp;<\/p>\n\n\n\n<p>Los Usuarios no est\u00e1n autorizados para copiar, distribuir (incluyendo correos electr\u00f3nicos e Internet), transmitir, comunicar, modificar, alterar, transformar, ceder o, en cualquier otra forma desplegar actividades que conlleven el uso comercial de los derechos de Propiedad Intelectual y\/o Industrial, ya sea con car\u00e1cter parcial o total, sin que conste el expreso consentimiento, otorgado por escrito, del leg\u00edtimo titular de los derechos de explotaci\u00f3n.&nbsp;<\/p>\n\n\n\n<p><strong>Condiciones de Acceso<\/strong><\/p>\n\n\n\n<p>El acceso a nuestro Sitio Web no exige previa suscripci\u00f3n o registro. El env\u00edo de datos personales implica la aceptaci\u00f3n expresa por parte del Usuario de nuestra Pol\u00edtica de Privacidad.<\/p>\n\n\n\n<p>El Usuario debe acceder a nuestro Sitio Web conforme a la buena fe, las normas de orden p\u00fablico y a los presentes t\u00e9rminos y condiciones de uso. El acceso a nuestro Sitio Web se realiza bajo la propia y exclusiva responsabilidad del Usuario, que responder\u00e1 en todo caso de los da\u00f1os y perjuicios que pueda causar a terceros o a nosotros mismos.<\/p>\n\n\n\n<p>Teniendo en cuenta la imposibilidad de control respecto a la informaci\u00f3n, contenidos y servicios que contengan otros Sitios web a los que se pueda acceder a trav\u00e9s de los enlaces que nuestro Sitio Web pueda poner a su disposici\u00f3n, le comunicamos que quedamos eximidos de cualquier responsabilidad por los da\u00f1os y perjuicios de toda clase que pudiesen derivar por la utilizaci\u00f3n de esos Sitios web, ajenas a nuestra empresa, por parte del usuario.<\/p>\n\n\n\n<p>Asimismo, EMOCIONAL declara que ha adoptado las medidas necesarias, dentro de sus posibilidades y del estado de la t\u00e9cnica, para garantizar el funcionamiento del Sitio Web, as\u00ed como, reducir al m\u00ednimo los errores del sistema, tanto desde el punto de vista t\u00e9cnico como legal y organizativo.<\/p>\n\n\n\n<p>Fecha de publicaci\u00f3n: 27 de julio de 2023.<\/p>","protected":false},"excerpt":{"rendered":"<p>En cumplimiento con el deber de informaci\u00f3n recogido en el del art\u00edculo 10 de la Ley 34\/2002, de 11 de julio, de Servicios de la Sociedad de la Informaci\u00f3n y Comercio Electr\u00f3nico, se exponen los siguientes datos identificativos del prestador del servicio a trav\u00e9s del Sitio Web de: Este Sitio Web se rige por la [&hellip;]<\/p>","protected":false},"author":3,"featured_media":0,"parent":0,"menu_order":0,"comment_status":"closed","ping_status":"closed","template":"","meta":{"_acf_changed":false,"_eb_attr":"","content-type":"","_mo_disable_npp":"","footnotes":""},"class_list":["post-3953","page","type-page","status-publish","hentry"],"acf":[],"yoast_head":"<!-- This site is optimized with the Yoast SEO plugin v27.4 - https:\/\/yoast.com\/product\/yoast-seo-wordpress\/ -->\n<title>Aviso Legal - Emocional<\/title>\n<meta name=\"robots\" content=\"noindex, follow\" \/>\n<meta property=\"og:locale\" content=\"es_MX\" \/>\n<meta property=\"og:type\" content=\"article\" \/>\n<meta property=\"og:title\" content=\"Aviso Legal - Emocional\" \/>\n<meta property=\"og:description\" content=\"En cumplimiento con el deber de informaci\u00f3n recogido en el del art\u00edculo 10 de la Ley 34\/2002, de 11 de julio, de Servicios de la Sociedad de la Informaci\u00f3n y Comercio Electr\u00f3nico, se exponen los siguientes datos identificativos del prestador del servicio a trav\u00e9s del Sitio Web de: Este Sitio Web se rige por la [&hellip;]\" \/>\n<meta property=\"og:url\" content=\"https:\/\/wp.emocional.com\/mx\/aviso-legal\/\" \/>\n<meta property=\"og:site_name\" content=\"Emocional\" \/>\n<meta property=\"article:modified_time\" content=\"2023-07-27T15:52:40+00:00\" \/>\n<meta property=\"og:image\" content=\"https:\/\/wp.emocional.com\/wp-content\/uploads\/2023\/06\/El-software-de-RRHH-para-las-empresas-sostenibles.png\" \/>\n\t<meta property=\"og:image:width\" content=\"1200\" \/>\n\t<meta property=\"og:image:height\" content=\"630\" \/>\n\t<meta property=\"og:image:type\" content=\"image\/png\" \/>\n<meta name=\"twitter:card\" content=\"summary_large_image\" \/>\n<meta name=\"twitter:label1\" content=\"Tiempo de lectura\" \/>\n\t<meta name=\"twitter:data1\" content=\"4 minutos\" \/>\n<script type=\"application\/ld+json\" class=\"yoast-schema-graph\">{\"@context\":\"https:\\\/\\\/schema.org\",\"@graph\":[{\"@type\":\"WebPage\",\"@id\":\"https:\\\/\\\/wp.emocional.com\\\/aviso-legal\\\/\",\"url\":\"https:\\\/\\\/wp.emocional.com\\\/aviso-legal\\\/\",\"name\":\"Aviso Legal - Emocional\",\"isPartOf\":{\"@id\":\"https:\\\/\\\/wp.emocional.com\\\/#website\"},\"datePublished\":\"2023-07-27T15:04:49+00:00\",\"dateModified\":\"2023-07-27T15:52:40+00:00\",\"breadcrumb\":{\"@id\":\"https:\\\/\\\/wp.emocional.com\\\/aviso-legal\\\/#breadcrumb\"},\"inLanguage\":\"es\",\"potentialAction\":[{\"@type\":\"ReadAction\",\"target\":[\"https:\\\/\\\/wp.emocional.com\\\/aviso-legal\\\/\"]}]},{\"@type\":\"BreadcrumbList\",\"@id\":\"https:\\\/\\\/wp.emocional.com\\\/aviso-legal\\\/#breadcrumb\",\"itemListElement\":[{\"@type\":\"ListItem\",\"position\":1,\"name\":\"Portada\",\"item\":\"https:\\\/\\\/wp.emocional.com\\\/\"},{\"@type\":\"ListItem\",\"position\":2,\"name\":\"Aviso Legal\"}]},{\"@type\":\"WebSite\",\"@id\":\"https:\\\/\\\/wp.emocional.com\\\/#website\",\"url\":\"https:\\\/\\\/wp.emocional.com\\\/\",\"name\":\"Emocional\",\"description\":\"El software de RRHH para las empresas sostenibles\",\"publisher\":{\"@id\":\"https:\\\/\\\/wp.emocional.com\\\/#organization\"},\"potentialAction\":[{\"@type\":\"SearchAction\",\"target\":{\"@type\":\"EntryPoint\",\"urlTemplate\":\"https:\\\/\\\/wp.emocional.com\\\/?s={search_term_string}\"},\"query-input\":{\"@type\":\"PropertyValueSpecification\",\"valueRequired\":true,\"valueName\":\"search_term_string\"}}],\"inLanguage\":\"es\"},{\"@type\":\"Organization\",\"@id\":\"https:\\\/\\\/wp.emocional.com\\\/#organization\",\"name\":\"Emocional\",\"url\":\"https:\\\/\\\/wp.emocional.com\\\/\",\"logo\":{\"@type\":\"ImageObject\",\"inLanguage\":\"es\",\"@id\":\"https:\\\/\\\/wp.emocional.com\\\/#\\\/schema\\\/logo\\\/image\\\/\",\"url\":\"https:\\\/\\\/wp.emocional.com\\\/wp-content\\\/uploads\\\/2022\\\/08\\\/active-icon.png\",\"contentUrl\":\"https:\\\/\\\/wp.emocional.com\\\/wp-content\\\/uploads\\\/2022\\\/08\\\/active-icon.png\",\"width\":1401,\"height\":1401,\"caption\":\"Emocional\"},\"image\":{\"@id\":\"https:\\\/\\\/wp.emocional.com\\\/#\\\/schema\\\/logo\\\/image\\\/\"},\"sameAs\":[\"https:\\\/\\\/www.linkedin.com\\\/company\\\/emocionaltech\\\/\",\"https:\\\/\\\/www.instagram.com\\\/wp.emocional.com\\\/\",\"https:\\\/\\\/www.youtube.com\\\/channel\\\/UCGgTcRXFcH5YDw6a_wG6N1A\"]}]}<\/script>\n<!-- \/ Yoast SEO plugin. -->","yoast_head_json":{"title":"Aviso Legal - Emocional","robots":{"index":"noindex","follow":"follow"},"og_locale":"es_MX","og_type":"article","og_title":"Aviso Legal - Emocional","og_description":"En cumplimiento con el deber de informaci\u00f3n recogido en el del art\u00edculo 10 de la Ley 34\/2002, de 11 de julio, de Servicios de la Sociedad de la Informaci\u00f3n y Comercio Electr\u00f3nico, se exponen los siguientes datos identificativos del prestador del servicio a trav\u00e9s del Sitio Web de: Este Sitio Web se rige por la [&hellip;]","og_url":"https:\/\/wp.emocional.com\/mx\/aviso-legal\/","og_site_name":"Emocional","article_modified_time":"2023-07-27T15:52:40+00:00","og_image":[{"width":1200,"height":630,"url":"https:\/\/wp.emocional.com\/wp-content\/uploads\/2023\/06\/El-software-de-RRHH-para-las-empresas-sostenibles.png","type":"image\/png"}],"twitter_card":"summary_large_image","twitter_misc":{"Tiempo de lectura":"4 minutos"},"schema":{"@context":"https:\/\/schema.org","@graph":[{"@type":"WebPage","@id":"https:\/\/wp.emocional.com\/aviso-legal\/","url":"https:\/\/wp.emocional.com\/aviso-legal\/","name":"Aviso Legal - Emocional","isPartOf":{"@id":"https:\/\/wp.emocional.com\/#website"},"datePublished":"2023-07-27T15:04:49+00:00","dateModified":"2023-07-27T15:52:40+00:00","breadcrumb":{"@id":"https:\/\/wp.emocional.com\/aviso-legal\/#breadcrumb"},"inLanguage":"es","potentialAction":[{"@type":"ReadAction","target":["https:\/\/wp.emocional.com\/aviso-legal\/"]}]},{"@type":"BreadcrumbList","@id":"https:\/\/wp.emocional.com\/aviso-legal\/#breadcrumb","itemListElement":[{"@type":"ListItem","position":1,"name":"Portada","item":"https:\/\/wp.emocional.com\/"},{"@type":"ListItem","position":2,"name":"Aviso Legal"}]},{"@type":"WebSite","@id":"https:\/\/wp.emocional.com\/#website","url":"https:\/\/wp.emocional.com\/","name":"Emocional","description":"El software de RRHH para las empresas sostenibles","publisher":{"@id":"https:\/\/wp.emocional.com\/#organization"},"potentialAction":[{"@type":"SearchAction","target":{"@type":"EntryPoint","urlTemplate":"https:\/\/wp.emocional.com\/?s={search_term_string}"},"query-input":{"@type":"PropertyValueSpecification","valueRequired":true,"valueName":"search_term_string"}}],"inLanguage":"es"},{"@type":"Organization","@id":"https:\/\/wp.emocional.com\/#organization","name":"Emocional","url":"https:\/\/wp.emocional.com\/","logo":{"@type":"ImageObject","inLanguage":"es","@id":"https:\/\/wp.emocional.com\/#\/schema\/logo\/image\/","url":"https:\/\/wp.emocional.com\/wp-content\/uploads\/2022\/08\/active-icon.png","contentUrl":"https:\/\/wp.emocional.com\/wp-content\/uploads\/2022\/08\/active-icon.png","width":1401,"height":1401,"caption":"Emocional"},"image":{"@id":"https:\/\/wp.emocional.com\/#\/schema\/logo\/image\/"},"sameAs":["https:\/\/www.linkedin.com\/company\/emocionaltech\/","https:\/\/www.instagram.com\/wp.emocional.com\/","https:\/\/www.youtube.com\/channel\/UCGgTcRXFcH5YDw6a_wG6N1A"]}]}},"_links":{"self":[{"href":"https:\/\/wp.emocional.com\/mx\/wp-json\/wp\/v2\/pages\/3953","targetHints":{"allow":["GET"]}}],"collection":[{"href":"https:\/\/wp.emocional.com\/mx\/wp-json\/wp\/v2\/pages"}],"about":[{"href":"https:\/\/wp.emocional.com\/mx\/wp-json\/wp\/v2\/types\/page"}],"author":[{"embeddable":true,"href":"https:\/\/wp.emocional.com\/mx\/wp-json\/wp\/v2\/users\/3"}],"replies":[{"embeddable":true,"href":"https:\/\/wp.emocional.com\/mx\/wp-json\/wp\/v2\/comments?post=3953"}],"version-history":[{"count":2,"href":"https:\/\/wp.emocional.com\/mx\/wp-json\/wp\/v2\/pages\/3953\/revisions"}],"predecessor-version":[{"id":3961,"href":"https:\/\/wp.emocional.com\/mx\/wp-json\/wp\/v2\/pages\/3953\/revisions\/3961"}],"wp:attachment":[{"href":"https:\/\/wp.emocional.com\/mx\/wp-json\/wp\/v2\/media?parent=3953"}],"curies":[{"name":"wp","href":"https:\/\/api.w.org\/{rel}","templated":true}]}}