{"id":3958,"date":"2023-07-27T16:50:15","date_gmt":"2023-07-27T15:50:15","guid":{"rendered":"https:\/\/emocional.co\/?page_id=3958"},"modified":"2023-09-26T14:48:48","modified_gmt":"2023-09-26T13:48:48","slug":"politica-de-cookies","status":"publish","type":"page","link":"https:\/\/wp.emocional.com\/co\/politica-de-cookies\/","title":{"rendered":"Pol\u00edtica de cookies"},"content":{"rendered":"<p><strong>\u00bfQu\u00e9 son las cookies?&nbsp;<\/strong><\/p>\n\n\n\n<p>Una cookie es cualquier tipo de dispositivo de almacenamiento y recuperaci\u00f3n de datos que se utilice en el equipo terminal de un usuario con la finalidad de almacenar informaci\u00f3n y recuperar la informaci\u00f3n ya almacenada, seg\u00fan establece el art\u00edculo 22.2 de la Ley 34\/2002, de 11 de julio, de servicios de la sociedad de la informaci\u00f3n y de comercio electr\u00f3nico (LSSI).<\/p>\n\n\n\n<p>Esta Plataforma utiliza cookies y\/o tecnolog\u00edas similares que almacenan y recuperan informaci\u00f3n cuando navega. En general, estas tecnolog\u00edas pueden servir para finalidades muy diversas, como, por ejemplo, reconocerle como usuario, obtener informaci\u00f3n sobre sus h\u00e1bitos de navegaci\u00f3n, o personalizar la forma en que se muestra el contenido. Los usos concretos que hacemos de estas tecnolog\u00edas se describen a continuaci\u00f3n.&nbsp;<\/p>\n\n\n\n<p><strong>Clases de cookies<\/strong><\/p>\n\n\n\n<p>A continuaci\u00f3n, se realiza una clasificaci\u00f3n de las cookies en funci\u00f3n de una serie de categor\u00edas. No obstante, es necesario tener en cuenta que una misma cookie puede estar incluida en m\u00e1s de una categor\u00eda.<\/p>\n\n\n\n<p>Tipos de cookies seg\u00fan la entidad que las gestione<\/p>\n\n\n\n<ol class=\"wp-block-list\">\n<li>Cookies propias: son aquellas que se env\u00edan al equipo terminal del usuario desde un equipo o dominio gestionado por el propio editor y desde el que se presta el servicio solicitado por el usuario.<\/li>\n<\/ol>\n\n\n\n<ol class=\"wp-block-list\" start=\"2\">\n<li>Cookies de tercero: son aquellas que se env\u00edan al equipo terminal del usuario desde un equipo o dominio que no es gestionado por el editor, sino por otra entidad que trata los datos obtenidos a trav\u00e9s de las cookies.<\/li>\n<\/ol>\n\n\n\n<p><\/p>\n\n\n\n<p>Tipos de cookies seg\u00fan su finalidad<\/p>\n\n\n\n<ol class=\"wp-block-list\">\n<li>Cookies t\u00e9cnicas: son aquellas que permiten al usuario la navegaci\u00f3n a trav\u00e9s de una p\u00e1gina web, plataforma o aplicaci\u00f3n y la utilizaci\u00f3n de las diferentes opciones o servicios que en ella existan, incluyendo aquellas que el editor utiliza para permitir la gesti\u00f3n y operativa de la Plataforma y habilitar sus funciones y servicios, como, por ejemplo, controlar el tr\u00e1fico y la comunicaci\u00f3n de datos, identificar la sesi\u00f3n, acceder a partes de acceso restringido, recordar los elementos que integran un pedido, realizar el proceso de compra de un pedido, gestionar el pago, controlar el fraude vinculado a la seguridad del servicio, realizar la solicitud de inscripci\u00f3n o participaci\u00f3n en un evento, contar visitas a efectos de la facturaci\u00f3n de licencias del software con el que funciona el servicio (Plataforma, plataforma o aplicaci\u00f3n), utilizar elementos de seguridad durante la navegaci\u00f3n, almacenar contenidos para la difusi\u00f3n de v\u00eddeos o sonido, habilitar contenidos din\u00e1micos (por ejemplo, animaci\u00f3n de carga de un texto o imagen) o compartir contenidos a trav\u00e9s de redes sociales.<\/li>\n<\/ol>\n\n\n\n<ol class=\"wp-block-list\" start=\"2\">\n<li>Cookies de preferencias o personalizaci\u00f3n: son aquellas que permiten recordar informaci\u00f3n para que el usuario acceda al servicio con determinadas caracter\u00edsticas que pueden diferenciar su experiencia de la de otros usuarios, como, por ejemplo, el idioma, el n\u00famero de resultados a mostrar cuando el usuario realiza una b\u00fasqueda, el aspecto o contenido del servicio en funci\u00f3n del tipo de navegador a trav\u00e9s del cual el usuario accede al servicio o de la regi\u00f3n desde la que accede al servicio, etc.<\/li>\n<\/ol>\n\n\n\n<ol class=\"wp-block-list\" start=\"3\">\n<li>Cookies de an\u00e1lisis o medici\u00f3n: son aquellas que permiten al responsable de las mismas el seguimiento y an\u00e1lisis del comportamiento de los usuarios de la Plataforma a los que est\u00e1n vinculadas, incluida la cuantificaci\u00f3n de los impactos de los anuncios. La informaci\u00f3n recogida mediante este tipo de cookies se utiliza en la medici\u00f3n de la actividad de los sitios web, aplicaci\u00f3n o plataforma, con el fin de introducir mejoras en funci\u00f3n del an\u00e1lisis de los datos de uso que hacen los usuarios del servicio.<\/li>\n<\/ol>\n\n\n\n<ol class=\"wp-block-list\" start=\"4\">\n<li>Cookies de publicidad comportamental: son aquellas que almacenan informaci\u00f3n del comportamiento de los usuarios obtenida a trav\u00e9s de la observaci\u00f3n continuada de sus h\u00e1bitos de navegaci\u00f3n, lo que permite desarrollar un perfil espec\u00edfico para mostrar publicidad en funci\u00f3n de este.<\/li>\n<\/ol>\n\n\n\n<p><\/p>\n\n\n\n<p>Tipos de cookies seg\u00fan el plazo de tiempo que permanecen activadas<\/p>\n\n\n\n<ol class=\"wp-block-list\">\n<li>Cookies de sesi\u00f3n: son aquellas dise\u00f1adas para recabar y almacenar datos mientras el usuario accede a una p\u00e1gina web. Se suelen emplear para almacenar informaci\u00f3n que solo interesa conservar para la prestaci\u00f3n del servicio solicitado por el usuario en una sola ocasi\u00f3n y desaparecen al terminar la sesi\u00f3n.<\/li>\n<\/ol>\n\n\n\n<ol class=\"wp-block-list\" start=\"2\">\n<li>Cookies persistentes: son aquellas en las que los datos siguen almacenados en el terminal y pueden ser accedidos y tratados durante un periodo definido por el responsable de la cookie.<\/li>\n<\/ol>\n\n\n\n<p><\/p>\n\n\n\n<p><strong>Cookies utilizadas por EMOCIONAL<\/strong><\/p>\n\n\n\n<p>Esta Plataforma utiliza cookies de sesi\u00f3n y permanentes, t\u00e9cnicas y de an\u00e1lisis. Las cookies usadas tienen, en todo caso, la finalidad de hacer m\u00e1s eficaz la navegaci\u00f3n. En ning\u00fan caso estas cookies proporcionan por s\u00ed mismas datos de car\u00e1cter personal y no se usan para la recogida de estos.<br>En cualquier caso, puede realizar cualquier cambio en la configuraci\u00f3n de las cookies utilizadas, a trav\u00e9s del \u201c<em>Panel de cookies<\/em>\u201d.<\/p>\n\n\n\n<p>A continuaci\u00f3n, se indica el tipo de cookies utilizadas por nuestra Plataforma, junto con la informaci\u00f3n acerca de su gesti\u00f3n (propia o por terceros), finalidad, funci\u00f3n y per\u00edodo de conservaci\u00f3n:\u00a0<\/p>\n\n\n\n<p>Cookies de propias:<\/p>\n\n\n\n<figure class=\"wp-block-table\"><table><tbody><tr><td>Nombre de la cookie<\/td><td>Finalidad<\/td><td>Duraci\u00f3n<\/td><td>M\u00e1s informaci\u00f3n<\/td><\/tr><tr><td>connect.sid<\/td><td>Cookie para mantener la sesi\u00f3n del usuario despu\u00e9s del login.<\/td><td>24 horas<\/td><td><\/td><\/tr><tr><td>i18next<\/td><td>Idioma que se mostrar\u00e1 en la plataforma. (Se toma del idioma del explorador).<\/td><td>Duraci\u00f3n de la sesi\u00f3n<\/td><td><\/td><\/tr><tr><td>userback_session_app<\/td><td>Herramienta de reportes de bugs de la plataforma.<\/td><td>30 d\u00edas<\/td><td><\/td><\/tr><\/tbody><\/table><\/figure>\n\n\n\n<p>Cookies de terceros:<\/p>\n\n\n\n<figure class=\"wp-block-table\"><table><tbody><tr><td>Nombre de la cookie<\/td><td>Titular<\/td><td>Finalidad<\/td><td>Duraci\u00f3n<\/td><td>Per\u00edodo de&nbsp;<br>Conservaci\u00f3n<\/td><td>M\u00e1s informaci\u00f3n<\/td><\/tr><tr><td>gtag<\/td><td>Google Tag Manager<\/td><td>Trackear clicks del usuario en EMOCIONAL con el fin de ofrecer una mejorada experiencia al usuario.<\/td><td>365 d\u00edas<\/td><td>Permanente<\/td><td><a href=\"https:\/\/developers.google.com\/tag-platform\/tag-manager?hl=es-419\">Enlace a documentaci\u00f3n oficial de Google<\/a><\/td><\/tr><tr><td>messagesUtk<\/td><td>Hubspot<\/td><td>Ayuda a realizar un seguimiento de la identidad de un visitante.<\/td><td>1 semana<\/td><td>Permanente<\/td><td><a href=\"https:\/\/knowledge.hubspot.com\/account\/how-does-hubspot-track-visitors\">Enlace a documentaci\u00f3n oficial de Hubspot<\/a><\/td><\/tr><tr><td>gstate<\/td><td>Google<\/td><td>Login con google.<\/td><td>1 semana<\/td><td>Permanente<\/td><td><a href=\"https:\/\/developers.google.com\/identity\/gsi\/web\/guides\/subdomains?hl=es-419#:~:text=Google%20One%20Tap%20stores%20user,across%20all%20of%20your%20domains.\">Enlace a la documentaci\u00f3n oficial de gstate<\/a><\/td><\/tr><tr><td>intercom-session-[app_id]<\/td><td>Intercom<\/td><td>Lleva un registro de las sesiones. Identificador para cada sesi\u00f3n de navegador \u00fanica. Esta cookie de sesi\u00f3n se actualiza en cada ping de inicio de sesi\u00f3n exitoso, extendi\u00e9ndola una semana a partir de ese momento.<\/td><td>1 semana<\/td><td>Permanente<\/td><td><a href=\"https:\/\/www.intercom.com\/help\/en\/articles\/2361922-intercom-messenger-cookies\">Enlace a la documentaci\u00f3n de intercom<\/a><\/td><\/tr><tr><td>intercom-device-id<\/td><td>Intercom<\/td><td>Identificador \u00fanico de dispositivo. Identificador para cada dispositivo \u00fanico que interact\u00faa con Messenger. Se actualiza en cada ping exitoso, extendi\u00e9ndolo otros 9 meses.<\/td><td>9 meses<\/td><td>Permanente<\/td><td><a href=\"https:\/\/www.intercom.com\/help\/en\/articles\/2361922-intercom-messenger-cookies\">Enlace a la documentaci\u00f3n de intercom<\/a><\/td><\/tr><tr><td>_puid<\/td><td>OpenAI<\/td><td>Interacci\u00f3n con API de OpenAI<\/td><td>5 d\u00edas<\/td><td>Permanente<\/td><td><a href=\"https:\/\/platform.openai.com\/docs\/api-reference\/introduction\">Enlace a la documentaci\u00f3n de api de OpenAI<\/a><\/td><\/tr><tr><td>cf_clearance<\/td><td>Cloudflare<\/td><td>La cookie de autorizaci\u00f3n almacena la prueba del desaf\u00edo aprobado. Se utiliza para ya no emitir un desaf\u00edo si est\u00e1 presente. Es necesario llegar a un servidor de origen.<\/td><td>6 meses<\/td><td>Permanente<\/td><td><a href=\"https:\/\/developers.cloudflare.com\/fundamentals\/reference\/policies-compliances\/cloudflare-cookies\/#additional-cookies-used-by-the-challenge-platform\">Enlace a la documentaci\u00f3n de cf_clearance<\/a><\/td><\/tr><\/tbody><\/table><\/figure>\n\n\n\n<p><strong>Consentimiento<\/strong><\/p>\n\n\n\n<p>Le informamos que podemos utilizar cookies en su equipo siempre que haya dado previamente su consentimiento, salvo en los supuestos en los que las cookies sean necesarias para la navegaci\u00f3n por la Plataforma y la prestaci\u00f3n de los servicios.<\/p>\n\n\n\n<p>Asimismo, le informamos que puede bloquear o deshabilitar las cookies a trav\u00e9s de la configuraci\u00f3n de su navegador y de nuestro panel de control. Si las bloquea o deshabilita, podr\u00e1 seguir usando nuestra Plataforma, aunque el uso de algunos de los servicios podr\u00e1 ser limitado y por tanto su experiencia en nuestra Plataforma menos satisfactoria.<\/p>\n\n\n\n<p><br>Si desea revocar su consentimiento respecto a nuestra pol\u00edtica de cookies, deber\u00e1 eliminarlas a trav\u00e9s de la configuraci\u00f3n de sus navegadores de Internet. Estos son los enlaces de los distintos navegadores que informan sobre las cookies:<\/p>\n\n\n\n<ul class=\"wp-block-list\">\n<li>Para m\u00e1s informaci\u00f3n sobre el navegador Firefox desde aqu\u00ed:<\/li>\n<\/ul>\n\n\n\n<p><a href=\"https:\/\/support.mozilla.org\/es\/kb\/habilitar-y-deshabilitar-cookies-sitios-web-rastrear-preferencias?redirectlocale=es&amp;redirectslug=habilitar-y-deshabilitar-cookies-que-los-sitios-we\">https:\/\/support.mozilla.org\/es\/kb\/habilitar-y-deshabilitar-cookies-sitios-web-rastrear-preferencias?redirectlocale=es&amp;redirectslug=habilitar-y-deshabilitar-cookies-que-los-sitios-we<\/a><\/p>\n\n\n\n<ul class=\"wp-block-list\">\n<li>Para m\u00e1s informaci\u00f3n sobre el navegador Chrome desde aqu\u00ed:&nbsp;<\/li>\n<\/ul>\n\n\n\n<p><a href=\"http:\/\/support.google.com\/chrome\/bin\/answer.py?hl=es&amp;answer=95647\">http:\/\/support.google.com\/chrome\/bin\/answer.py?hl=es&amp;answer=95647<\/a><\/p>\n\n\n\n<ul class=\"wp-block-list\">\n<li>Para m\u00e1s informaci\u00f3n sobre el navegador Internet Explorer desde aqu\u00ed:&nbsp;<\/li>\n<\/ul>\n\n\n\n<p><a href=\"https:\/\/support.microsoft.com\/es-es\/help\/17442\/windows-internet-explorer-delete-manage-cookies\">https:\/\/support.microsoft.com\/es-es\/help\/17442\/windows-internet-explorer-delete-manage-cookies<\/a><\/p>\n\n\n\n<ul class=\"wp-block-list\">\n<li>Para m\u00e1s informaci\u00f3n sobre el navegador Safari desde aqu\u00ed:&nbsp;<\/li>\n<\/ul>\n\n\n\n<p><a href=\"https:\/\/support.apple.com\/kb\/PH19214?viewlocale=es_ES&amp;locale=es_ES\">https:\/\/support.apple.com\/kb\/PH19214?viewlocale=es_ES&amp;locale=es_ES<\/a><\/p>\n\n\n\n<p>Le recomendamos revisar esta pol\u00edtica cada vez que acceda a nuestra Plataforma, con el objetivo de estar adecuadamente informado sobre posibles cambios en la misma.<\/p>\n\n\n\n<p><strong>M\u00e1s informaci\u00f3n<\/strong><\/p>\n\n\n\n<p>Para m\u00e1s informaci\u00f3n respecto al tratamiento de sus datos personales, puede acceder a nuestra [<a href=\"https:\/\/wp.emocional.com\/co\/politica-de-privacidad\/\">Pol\u00edtica de Privacidad<\/a>], as\u00ed como el [<a href=\"https:\/\/wp.emocional.com\/co\/aviso-legal\/\">Aviso legal<\/a>].&nbsp;<\/p>\n\n\n\n<p>Fecha de publicaci\u00f3n: 22 de septiembre de 2023.<\/p>","protected":false},"excerpt":{"rendered":"<p>\u00bfQu\u00e9 son las cookies?&nbsp; Una cookie es cualquier tipo de dispositivo de almacenamiento y recuperaci\u00f3n de datos que se utilice en el equipo terminal de un usuario con la finalidad de almacenar informaci\u00f3n y recuperar la informaci\u00f3n ya almacenada, seg\u00fan establece el art\u00edculo 22.2 de la Ley 34\/2002, de 11 de julio, de servicios de [&hellip;]<\/p>","protected":false},"author":3,"featured_media":0,"parent":0,"menu_order":0,"comment_status":"closed","ping_status":"closed","template":"","meta":{"_acf_changed":false,"_eb_attr":"","content-type":"","_mo_disable_npp":"","footnotes":""},"class_list":["post-3958","page","type-page","status-publish","hentry"],"acf":[],"yoast_head":"<!-- This site is optimized with the Yoast SEO plugin v27.4 - https:\/\/yoast.com\/product\/yoast-seo-wordpress\/ -->\n<title>Pol\u00edtica de cookies - Emocional<\/title>\n<meta name=\"robots\" content=\"noindex, follow\" \/>\n<meta property=\"og:locale\" content=\"es_ES\" \/>\n<meta property=\"og:type\" content=\"article\" \/>\n<meta property=\"og:title\" content=\"Pol\u00edtica de cookies - Emocional\" \/>\n<meta property=\"og:description\" content=\"\u00bfQu\u00e9 son las cookies?&nbsp; Una cookie es cualquier tipo de dispositivo de almacenamiento y recuperaci\u00f3n de datos que se utilice en el equipo terminal de un usuario con la finalidad de almacenar informaci\u00f3n y recuperar la informaci\u00f3n ya almacenada, seg\u00fan establece el art\u00edculo 22.2 de la Ley 34\/2002, de 11 de julio, de servicios de [&hellip;]\" \/>\n<meta property=\"og:url\" content=\"https:\/\/wp.emocional.com\/co\/politica-de-cookies\/\" \/>\n<meta property=\"og:site_name\" content=\"Emocional\" \/>\n<meta property=\"article:modified_time\" content=\"2023-09-26T13:48:48+00:00\" \/>\n<meta property=\"og:image\" content=\"https:\/\/wp.emocional.com\/wp-content\/uploads\/2023\/06\/El-software-de-RRHH-para-las-empresas-sostenibles.png\" \/>\n\t<meta property=\"og:image:width\" content=\"1200\" \/>\n\t<meta property=\"og:image:height\" content=\"630\" \/>\n\t<meta property=\"og:image:type\" content=\"image\/png\" \/>\n<meta name=\"twitter:card\" content=\"summary_large_image\" \/>\n<meta name=\"twitter:label1\" content=\"Tiempo de lectura\" \/>\n\t<meta name=\"twitter:data1\" content=\"7 minutos\" \/>\n<script type=\"application\/ld+json\" class=\"yoast-schema-graph\">{\"@context\":\"https:\\\/\\\/schema.org\",\"@graph\":[{\"@type\":\"WebPage\",\"@id\":\"https:\\\/\\\/wp.emocional.com\\\/politica-de-cookies\\\/\",\"url\":\"https:\\\/\\\/wp.emocional.com\\\/politica-de-cookies\\\/\",\"name\":\"Pol\u00edtica de cookies - Emocional\",\"isPartOf\":{\"@id\":\"https:\\\/\\\/wp.emocional.com\\\/#website\"},\"datePublished\":\"2023-07-27T15:50:15+00:00\",\"dateModified\":\"2023-09-26T13:48:48+00:00\",\"breadcrumb\":{\"@id\":\"https:\\\/\\\/wp.emocional.com\\\/politica-de-cookies\\\/#breadcrumb\"},\"inLanguage\":\"es-CO\",\"potentialAction\":[{\"@type\":\"ReadAction\",\"target\":[\"https:\\\/\\\/wp.emocional.com\\\/politica-de-cookies\\\/\"]}]},{\"@type\":\"BreadcrumbList\",\"@id\":\"https:\\\/\\\/wp.emocional.com\\\/politica-de-cookies\\\/#breadcrumb\",\"itemListElement\":[{\"@type\":\"ListItem\",\"position\":1,\"name\":\"Portada\",\"item\":\"https:\\\/\\\/wp.emocional.com\\\/\"},{\"@type\":\"ListItem\",\"position\":2,\"name\":\"Pol\u00edtica de cookies\"}]},{\"@type\":\"WebSite\",\"@id\":\"https:\\\/\\\/wp.emocional.com\\\/#website\",\"url\":\"https:\\\/\\\/wp.emocional.com\\\/\",\"name\":\"Emocional\",\"description\":\"El software de RRHH para las empresas sostenibles\",\"publisher\":{\"@id\":\"https:\\\/\\\/wp.emocional.com\\\/#organization\"},\"potentialAction\":[{\"@type\":\"SearchAction\",\"target\":{\"@type\":\"EntryPoint\",\"urlTemplate\":\"https:\\\/\\\/wp.emocional.com\\\/?s={search_term_string}\"},\"query-input\":{\"@type\":\"PropertyValueSpecification\",\"valueRequired\":true,\"valueName\":\"search_term_string\"}}],\"inLanguage\":\"es-CO\"},{\"@type\":\"Organization\",\"@id\":\"https:\\\/\\\/wp.emocional.com\\\/#organization\",\"name\":\"Emocional\",\"url\":\"https:\\\/\\\/wp.emocional.com\\\/\",\"logo\":{\"@type\":\"ImageObject\",\"inLanguage\":\"es-CO\",\"@id\":\"https:\\\/\\\/wp.emocional.com\\\/#\\\/schema\\\/logo\\\/image\\\/\",\"url\":\"https:\\\/\\\/wp.emocional.com\\\/wp-content\\\/uploads\\\/2022\\\/08\\\/active-icon.png\",\"contentUrl\":\"https:\\\/\\\/wp.emocional.com\\\/wp-content\\\/uploads\\\/2022\\\/08\\\/active-icon.png\",\"width\":1401,\"height\":1401,\"caption\":\"Emocional\"},\"image\":{\"@id\":\"https:\\\/\\\/wp.emocional.com\\\/#\\\/schema\\\/logo\\\/image\\\/\"},\"sameAs\":[\"https:\\\/\\\/www.linkedin.com\\\/company\\\/emocionaltech\\\/\",\"https:\\\/\\\/www.instagram.com\\\/wp.emocional.com\\\/\",\"https:\\\/\\\/www.youtube.com\\\/channel\\\/UCGgTcRXFcH5YDw6a_wG6N1A\"]}]}<\/script>\n<!-- \/ Yoast SEO plugin. -->","yoast_head_json":{"title":"Pol\u00edtica de cookies - Emocional","robots":{"index":"noindex","follow":"follow"},"og_locale":"es_ES","og_type":"article","og_title":"Pol\u00edtica de cookies - Emocional","og_description":"\u00bfQu\u00e9 son las cookies?&nbsp; Una cookie es cualquier tipo de dispositivo de almacenamiento y recuperaci\u00f3n de datos que se utilice en el equipo terminal de un usuario con la finalidad de almacenar informaci\u00f3n y recuperar la informaci\u00f3n ya almacenada, seg\u00fan establece el art\u00edculo 22.2 de la Ley 34\/2002, de 11 de julio, de servicios de [&hellip;]","og_url":"https:\/\/wp.emocional.com\/co\/politica-de-cookies\/","og_site_name":"Emocional","article_modified_time":"2023-09-26T13:48:48+00:00","og_image":[{"width":1200,"height":630,"url":"https:\/\/wp.emocional.com\/wp-content\/uploads\/2023\/06\/El-software-de-RRHH-para-las-empresas-sostenibles.png","type":"image\/png"}],"twitter_card":"summary_large_image","twitter_misc":{"Tiempo de lectura":"7 minutos"},"schema":{"@context":"https:\/\/schema.org","@graph":[{"@type":"WebPage","@id":"https:\/\/wp.emocional.com\/politica-de-cookies\/","url":"https:\/\/wp.emocional.com\/politica-de-cookies\/","name":"Pol\u00edtica de cookies - Emocional","isPartOf":{"@id":"https:\/\/wp.emocional.com\/#website"},"datePublished":"2023-07-27T15:50:15+00:00","dateModified":"2023-09-26T13:48:48+00:00","breadcrumb":{"@id":"https:\/\/wp.emocional.com\/politica-de-cookies\/#breadcrumb"},"inLanguage":"es-CO","potentialAction":[{"@type":"ReadAction","target":["https:\/\/wp.emocional.com\/politica-de-cookies\/"]}]},{"@type":"BreadcrumbList","@id":"https:\/\/wp.emocional.com\/politica-de-cookies\/#breadcrumb","itemListElement":[{"@type":"ListItem","position":1,"name":"Portada","item":"https:\/\/wp.emocional.com\/"},{"@type":"ListItem","position":2,"name":"Pol\u00edtica de cookies"}]},{"@type":"WebSite","@id":"https:\/\/wp.emocional.com\/#website","url":"https:\/\/wp.emocional.com\/","name":"Emocional","description":"El software de RRHH para las empresas sostenibles","publisher":{"@id":"https:\/\/wp.emocional.com\/#organization"},"potentialAction":[{"@type":"SearchAction","target":{"@type":"EntryPoint","urlTemplate":"https:\/\/wp.emocional.com\/?s={search_term_string}"},"query-input":{"@type":"PropertyValueSpecification","valueRequired":true,"valueName":"search_term_string"}}],"inLanguage":"es-CO"},{"@type":"Organization","@id":"https:\/\/wp.emocional.com\/#organization","name":"Emocional","url":"https:\/\/wp.emocional.com\/","logo":{"@type":"ImageObject","inLanguage":"es-CO","@id":"https:\/\/wp.emocional.com\/#\/schema\/logo\/image\/","url":"https:\/\/wp.emocional.com\/wp-content\/uploads\/2022\/08\/active-icon.png","contentUrl":"https:\/\/wp.emocional.com\/wp-content\/uploads\/2022\/08\/active-icon.png","width":1401,"height":1401,"caption":"Emocional"},"image":{"@id":"https:\/\/wp.emocional.com\/#\/schema\/logo\/image\/"},"sameAs":["https:\/\/www.linkedin.com\/company\/emocionaltech\/","https:\/\/www.instagram.com\/wp.emocional.com\/","https:\/\/www.youtube.com\/channel\/UCGgTcRXFcH5YDw6a_wG6N1A"]}]}},"_links":{"self":[{"href":"https:\/\/wp.emocional.com\/co\/wp-json\/wp\/v2\/pages\/3958","targetHints":{"allow":["GET"]}}],"collection":[{"href":"https:\/\/wp.emocional.com\/co\/wp-json\/wp\/v2\/pages"}],"about":[{"href":"https:\/\/wp.emocional.com\/co\/wp-json\/wp\/v2\/types\/page"}],"author":[{"embeddable":true,"href":"https:\/\/wp.emocional.com\/co\/wp-json\/wp\/v2\/users\/3"}],"replies":[{"embeddable":true,"href":"https:\/\/wp.emocional.com\/co\/wp-json\/wp\/v2\/comments?post=3958"}],"version-history":[{"count":6,"href":"https:\/\/wp.emocional.com\/co\/wp-json\/wp\/v2\/pages\/3958\/revisions"}],"predecessor-version":[{"id":4443,"href":"https:\/\/wp.emocional.com\/co\/wp-json\/wp\/v2\/pages\/3958\/revisions\/4443"}],"wp:attachment":[{"href":"https:\/\/wp.emocional.com\/co\/wp-json\/wp\/v2\/media?parent=3958"}],"curies":[{"name":"wp","href":"https:\/\/api.w.org\/{rel}","templated":true}]}}