{"id":3956,"date":"2023-07-27T16:39:40","date_gmt":"2023-07-27T15:39:40","guid":{"rendered":"https:\/\/emocional.co\/?page_id=3956"},"modified":"2023-09-26T14:52:32","modified_gmt":"2023-09-26T13:52:32","slug":"politica-de-privacidad","status":"publish","type":"page","link":"https:\/\/wp.emocional.com\/co\/politica-de-privacidad\/","title":{"rendered":"Pol\u00edtica de privacidad"},"content":{"rendered":"<p><strong>POL\u00cdTICA DE PRIVACIDAD<\/strong><\/p>\n\n\n\n<p>La confidencialidad y la seguridad son valores primordiales para EMOCIONAL TECHNOLOGIES 22, S.L. y, en consecuencia, asumimos el compromiso de garantizar la privacidad del usuario en todo momento y de no recabar informaci\u00f3n innecesaria. A continuaci\u00f3n, le proporcionamos toda la informaci\u00f3n necesaria sobre nuestra Pol\u00edtica de Privacidad en relaci\u00f3n con los datos personales que recabamos, explic\u00e1ndole:<\/p>\n\n\n\n<ul class=\"wp-block-list\">\n<li>Qui\u00e9n es el responsable del tratamiento de sus datos.<\/li>\n\n\n\n<li>Para qu\u00e9 finalidades recabamos los datos que le solicitamos.<\/li>\n\n\n\n<li>Cu\u00e1l es la legitimaci\u00f3n para su tratamiento.<\/li>\n\n\n\n<li>Durante cu\u00e1nto tiempo los conservamos.<\/li>\n\n\n\n<li>A qu\u00e9 destinatarios se comunican sus datos.<\/li>\n\n\n\n<li>Informaci\u00f3n sobre las transferencias internacionales de datos.<\/li>\n\n\n\n<li>Cu\u00e1les son sus derechos.<\/li>\n<\/ul>\n\n\n\n<p><\/p>\n\n\n\n<p><strong>1.&nbsp; RESPONSABLE DEL TRATAMIENTO<\/strong><\/p>\n\n\n\n<div class=\"wp-block-group is-vertical is-layout-flex wp-container-core-group-is-layout-8cf370e7 wp-block-group-is-layout-flex\">\n<p>EMOCIONAL TECHNOLOGIES 22, S.L.<\/p>\n\n\n\n<p>NIF B05319207&nbsp;<\/p>\n\n\n\n<p>C\/ \u00c0laba, 61, 08005 Barcelona, Espa\u00f1a.&nbsp;<\/p>\n\n\n\n<p><a href=\"mailto:gdpr@wp.emocional.com\">gdpr@wp.emocional.com<\/a><\/p>\n<\/div>\n\n\n\n<p><\/p>\n\n\n\n<p><\/p>\n\n\n\n<p>En adelante \u201c<strong>EMOCIONAL<\/strong>\u201d, la \u201c<strong>Compa\u00f1\u00eda<\/strong>\u201d, \u201c<strong>nosotros<\/strong>\u201d o el \u201c<strong>Responsable del Tratamiento<\/strong>\u201d.<\/p>\n\n\n\n<p><strong>2.&nbsp; DATOS PERSONALES<\/strong><\/p>\n\n\n\n<p>Esta Pol\u00edtica de Privacidad cubre todos los datos recopilados y utilizados por EMOCIONAL a trav\u00e9s del sitio web <a href=\"https:\/\/wp.emocional.com\/co\/\">https:\/\/wp.emocional.com\/<\/a>, as\u00ed como a trav\u00e9s de los diferentes medios de contacto que son facilitados en el sitio web (en adelante, \u201cel <strong>Sitio web<\/strong>\u201d o \u201c<strong>EMOCIONAL<\/strong>\u201d, indistintamente).<\/p>\n\n\n\n<p>Datos Personales hace referencia a cualquier informaci\u00f3n o datos que pueda identificarlo directa o indirectamente. Los Datos Personales incluyen informaci\u00f3n tal como su nombre, tel\u00e9fono o correo electr\u00f3nico, entre otros. Tambi\u00e9n podr\u00edan incluir identificadores num\u00e9ricos \u00fanicos como la direcci\u00f3n IP de su ordenador, as\u00ed como informaci\u00f3n que obtenemos a trav\u00e9s de cookies.<\/p>\n\n\n\n<p>Por el presente, el usuario (usted) garantiza que los Datos Personales proporcionados son ciertos y exactos, y se compromete a notificar cualquier cambio o modificaci\u00f3n de estos. Cualquier p\u00e9rdida o da\u00f1o causado a EMOCIONAL mediante la comunicaci\u00f3n de informaci\u00f3n err\u00f3nea, inexacta o incompleta, ser\u00e1 responsabilidad exclusiva del usuario.<\/p>\n\n\n\n<p><strong>3.&nbsp; TIPO DE DATOS PERSONALES, FINALIDADES, LEGITIMACI\u00d3N Y CONSERVACI\u00d3N DE LOS DATOS PERSONALES<\/strong><\/p>\n\n\n\n<p>     <strong>a) Datos personales que se recaban:<\/strong><\/p>\n\n\n\n<ul class=\"wp-block-list\">\n<li>Formulario Demostraci\u00f3n, a trav\u00e9s del cual se solicita:&nbsp;<\/li>\n<\/ul>\n\n\n\n<p>                 Datos identificativos:<\/p>\n\n\n\n<div class=\"wp-block-group is-vertical is-layout-flex wp-container-core-group-is-layout-8cf370e7 wp-block-group-is-layout-flex\">\n<p>                  &#8211;   Nombre<\/p>\n\n\n\n<p>                  &#8211;   Cargo<\/p>\n\n\n\n<p>                  &#8211;   Empresa<\/p>\n\n\n\n<p>                  &#8211;   N\u00famero de empleados <\/p>\n\n\n\n<p>                  &#8211;   Direcci\u00f3n de correo electr\u00f3nico<\/p>\n\n\n\n<p>                  &#8211;   N\u00famero de tel\u00e9fono<\/p>\n\n\n\n<p><\/p>\n<\/div>\n\n\n\n<ul class=\"wp-block-list\">\n<li>Formulario Blog, a trav\u00e9s del cual se solicita:&nbsp;<\/li>\n<\/ul>\n\n\n\n<p>                 Datos identificativos:<\/p>\n\n\n\n<div class=\"wp-block-group is-vertical is-layout-flex wp-container-core-group-is-layout-8cf370e7 wp-block-group-is-layout-flex\">\n<p>                  &#8211;   Nombre&nbsp;<\/p>\n\n\n\n<p>                  &#8211;   Direcci\u00f3n de correo electr\u00f3nico<\/p>\n\n\n\n<p>                  &#8211;   Cualquier otro dato que el usuario nos facilite a trav\u00e9s del apartado \u201cComentario\u201d<\/p>\n\n\n\n<p><\/p>\n<\/div>\n\n\n\n<ul class=\"wp-block-list\">\n<li>A trav\u00e9s del env\u00edo de correos electr\u00f3nicos:&nbsp;<\/li>\n<\/ul>\n\n\n\n<p>                 Datos identificativos:<\/p>\n\n\n\n<div class=\"wp-block-group is-vertical is-layout-flex wp-container-core-group-is-layout-8cf370e7 wp-block-group-is-layout-flex\">\n<p>                  &#8211;   Direcci\u00f3n de correo electr\u00f3nico<\/p>\n\n\n\n<p>                  &#8211;   Cualquier otro dato que el usuario nos facilite a trav\u00e9s del correo electr\u00f3nico de contacto publicado en el Sitio Web.<\/p>\n\n\n\n<p><\/p>\n<\/div>\n\n\n\n<ul class=\"wp-block-list\">\n<li>A trav\u00e9s del env\u00edo de comunicaciones comerciales o la newsletter:&nbsp;<\/li>\n<\/ul>\n\n\n\n<p>                 Datos identificativos:<\/p>\n\n\n\n<p>                  &#8211;   Direcci\u00f3n de correo electr\u00f3nico<\/p>\n\n\n\n<p><\/p>\n\n\n\n<p>     <strong>b) Finalidad del tratamiento<\/strong>:<\/p>\n\n\n\n<ul class=\"wp-block-list\">\n<li>Facilitarle un medio para que pueda solicitar una demostraci\u00f3n a trav\u00e9s del Sitio web.<\/li>\n\n\n\n<li>Facilitarle un medio para que pueda ponerse en contacto con nosotros y atender sus consultas y\/o peticiones.<\/li>\n\n\n\n<li>Dejar comentarios en el blog de EMOCIONAL<\/li>\n\n\n\n<li>Dar respuesta a sus requerimientos, incluso por medios electr\u00f3nicos.<\/li>\n\n\n\n<li>El env\u00edo de promociones y publicidad relacionada con los productos y servicios que puedan ser de su inter\u00e9s (env\u00edo de <em>newsletter<\/em>), previo consentimiento expreso de Usted.<\/li>\n<\/ul>\n\n\n\n<p><\/p>\n\n\n\n<p>     <strong>c) Legitimaci\u00f3n<\/strong>:<\/p>\n\n\n\n<ul class=\"wp-block-list\">\n<li>En cualquiera de las finalidades anteriores, efectuaremos un tratamiento de sus datos personales en base al consentimiento expreso que Usted nos ha facilitado.&nbsp;<\/li>\n<\/ul>\n\n\n\n<p><\/p>\n\n\n\n<p>     <strong>d) Plazo de conservaci\u00f3n<\/strong>:<\/p>\n\n\n\n<p>Los datos personales obtenidos a trav\u00e9s del \u201cFormulario de Demostraci\u00f3n\u201d y\/o a trav\u00e9s del \u201cFormulario Blog\u201d se conservar\u00e1n hasta que se realice el servicio o durante el tiempo de atenci\u00f3n para la resoluci\u00f3n de su consulta, una vez resuelta su solicitud, si no ha generado un nuevo tratamiento, se proceder\u00e1 a la eliminaci\u00f3n de sus datos personales.&nbsp;<\/p>\n\n\n\n<p>Los Datos Personales obtenidos a trav\u00e9s de su consentimiento expreso para el env\u00edo de comunicaciones de car\u00e1cter comercial y\/o boletines informativos (newsletter), se mantendr\u00e1n hasta que usted revoque el consentimiento y solicite la baja del servicio.<\/p>\n\n\n\n<p>Es posible que retengamos algunos datos personales para cumplir con nuestras obligaciones legales o reglamentarias, as\u00ed como para administrar nuestros derechos (por ejemplo, para hacer valer nuestras reclamaciones ante los Tribunales) o con fines estad\u00edsticos o hist\u00f3ricos. Cuando ya no necesitemos usar sus datos personales, se eliminar\u00e1n de nuestros sistemas y registros o se anonimizar\u00e1n para que ya no podamos identificarlos.<\/p>\n\n\n\n<p><\/p>\n\n\n\n<p>     <strong>e) Otras finalidades:<\/strong><\/p>\n\n\n\n<p>Por otro lado, para el correcto funcionamiento del Sitio web, podemos utilizar cookies t\u00e9cnicas y funcionales para:<\/p>\n\n\n\n<ul class=\"wp-block-list\">\n<li>La correcta recepci\u00f3n de recomendaciones t\u00e9cnicas, actualizaciones del Sitio web, alertas de seguridad y mensajes de soporte.<\/li>\n\n\n\n<li>La realizaci\u00f3n de informes y estad\u00edsticas, de manera disociada.&nbsp;<\/li>\n\n\n\n<li>Investigar, desarrollar y mejorar los servicios a los usuarios o para ofrecer nuevos servicios, caracter\u00edsticas y herramientas.<\/li>\n<\/ul>\n\n\n\n<p>Si quiere obtener informaci\u00f3n detallada sobre las cookies que utilizamos, puede consultar nuestra Pol\u00edtica de cookies [<a href=\"https:\/\/wp.emocional.com\/co\/politica-de-cookies\/\">aqu\u00ed<\/a>].<\/p>\n\n\n\n<p><strong>4.&nbsp;&nbsp; OBLIGACI\u00d3N DE FACILITARNOS SUS DATOS PERSONALES Y CONSECUENCIAS DE NO HACERLO<\/strong><\/p>\n\n\n\n<p>El suministro de datos personales requiere una edad m\u00ednima de 18 a\u00f1os, o en su caso, disponer de capacidad jur\u00eddica suficiente para contratar.<\/p>\n\n\n\n<p>Los datos personales solicitados son necesarios para gestionar sus solicitudes y\/o enviarle la informaci\u00f3n solicitada, por lo que, si no nos los facilita, no podremos atenderle correctamente ni prestarle los ayuda que ha solicitado.<\/p>\n\n\n\n<p>En todo caso, nos reservamos el derecho de decidir sobre la incorporaci\u00f3n o no de sus datos personales y dem\u00e1s informaci\u00f3n a nuestras bases de datos.<\/p>\n\n\n\n<p><strong>5.&nbsp;&nbsp; DESTINATARIOS DE SUS DATOS<\/strong><\/p>\n\n\n\n<p>Sus Datos Personales podr\u00e1n ser comunicados a terceros, esto son:<\/p>\n\n\n\n<ul class=\"wp-block-list\">\n<li>Terceros que nos ayudan a proporcionar servicios de IT, como proveedores del Sitio web, servicios de alojamiento, mantenimiento y soporte en nuestras bases de datos, as\u00ed como nuestras aplicaciones que pueden contener datos sobre usted.<\/li>\n\n\n\n<li>Terceros que nos ayudan a proporcionar servicios digitales, rese\u00f1as y CRM.<\/li>\n\n\n\n<li>Agencias de publicidad, marketing y medios digitales para ayudarnos a ofrecer publicidad, marketing y campa\u00f1as, para analizar su efectividad y para administrar su contacto y sus preguntas.&nbsp;<\/li>\n\n\n\n<li>Terceros para el cumplimiento de una normativa legal.&nbsp;<\/li>\n<\/ul>\n\n\n\n<p><\/p>\n\n\n\n<p>Nos aseguraremos de que toda comunicaci\u00f3n de su informaci\u00f3n personal que realicemos nosotros o aquellos terceros con los que compartimos su informaci\u00f3n personal, cumplan con la legislaci\u00f3n que nos sea de aplicaci\u00f3n.&nbsp;<\/p>\n\n\n\n<p><strong>6.&nbsp;&nbsp; TRANSFERENCIAS DE DATOS INTERNACIONALES<\/strong><\/p>\n\n\n\n<p>En ocasiones, algunos proveedores de la Compa\u00f1\u00eda pueden tener sus servidores fuera del Espacio Econ\u00f3mico Europeo (EEE).<\/p>\n\n\n\n<p>As\u00ed pues, informamos al usuario que en el caso de que sus datos sean transferidos o almacenados fuera del Espacio Econ\u00f3mico Europeo (EEE), el Usuario estar\u00e1 aceptando expresamente la necesaria transferencia de datos internacionales a los servidores internacionales de dichos proveedores de la Compa\u00f1\u00eda, siendo la \u00fanica finalidad el almacenamiento de los datos en los servidores para poder prestarle el servicio.<\/p>\n\n\n\n<p>En todo caso, todas las transferencias internacionales se realizar\u00e1n sobre la base de Cl\u00e1usulas Contractuales Tipo (CCT), previa evaluaci\u00f3n de las circunstancias de las transferencias y las medidas complementarias que aplicaremos, as\u00ed como las garant\u00edas que exigiremos a estos proveedores para garantizar un nivel adecuado de protecci\u00f3n de los datos transferidos.<\/p>\n\n\n\n<p>En caso de que el usuario tenga dudas acerca de la transferencia internacional de sus datos, deber\u00e1 ponerse en contacto con la Compa\u00f1\u00eda y estaremos encantados de ampliar la informaci\u00f3n sobre este tema.<\/p>\n\n\n\n<p><strong>7.&nbsp;&nbsp; DERECHOS EN RELACI\u00d3N CON SUS DATOS PERSONALES<\/strong><\/p>\n\n\n\n<p>Cualquier persona puede retirar su consentimiento en cualquier momento, cuando el mismo se haya otorgado para el tratamiento de sus datos. En ning\u00fan caso, la retirada de este consentimiento condiciona la ejecuci\u00f3n del contrato de suscripci\u00f3n o las relaciones generadas con anterioridad.<\/p>\n\n\n\n<p>Igualmente, puede ejercer los siguientes derechos:<\/p>\n\n\n\n<ul class=\"wp-block-list\">\n<li>Solicitar el acceso a sus datos personales o su rectificaci\u00f3n cuando sean inexactos.<\/li>\n\n\n\n<li>Solicitar su supresi\u00f3n cuando, entre otros motivos, los datos ya no sean necesarios para los fines para los que fueron recogidos.<\/li>\n\n\n\n<li>Solicitar la limitaci\u00f3n de su tratamiento en determinadas circunstancias.<\/li>\n\n\n\n<li>Solicitar la oposici\u00f3n al tratamiento de sus datos por motivos relacionados con su situaci\u00f3n particular.<\/li>\n\n\n\n<li>Solicitar la portabilidad de los datos en los casos previstos en la normativa.<\/li>\n\n\n\n<li>Otros derechos reconocidos en las normativas aplicables.<\/li>\n<\/ul>\n\n\n\n<p><\/p>\n\n\n\n<p>D\u00f3nde y c\u00f3mo solicitar sus Derechos: Mediante un escrito dirigido al Responsable del Tratamiento a su direcci\u00f3n postal o electr\u00f3nica (indicadas en el punto 1), indicando la referencia \u201cDatos Personales\u201d, especificando el derecho que se quiere ejercer y respecto a qu\u00e9 datos personales.<\/p>\n\n\n\n<p>En caso de divergencias con la empresa en relaci\u00f3n con el tratamiento de sus datos, puede presentar una reclamaci\u00f3n ante la Agencia de Protecci\u00f3n de Datos (<a href=\"http:\/\/www.aepd.es\">www.aepd.es<\/a>).<\/p>\n\n\n\n<p><strong>8.&nbsp;&nbsp; SEGURIDAD DE SUS DATOS PERSONALES&nbsp;&nbsp;&nbsp;&nbsp;&nbsp;<\/strong><\/p>\n\n\n\n<p>Con el objetivo de salvaguardar la seguridad de sus datos personales, le informamos que hemos adoptado todas las medidas de \u00edndole t\u00e9cnica y organizativa necesarias para garantizar la seguridad de los datos personales suministrados de su alteraci\u00f3n, p\u00e9rdida y tratamientos o accesos no autorizados.<\/p>\n\n\n\n<p><strong>9.&nbsp;&nbsp; ACTUALIZACI\u00d3N DE SUS DATOS<\/strong><\/p>\n\n\n\n<p>Por el presente, el usuario (usted) garantiza que los Datos Personales proporcionados son ciertos y exactos y se compromete a notificar cualquier cambio o modificaci\u00f3n de estos. Cualquier p\u00e9rdida o da\u00f1o causado al Sitio web, al Responsable del Tratamiento o a cualquier tercero mediante la comunicaci\u00f3n de informaci\u00f3n err\u00f3nea, inexacta o incompleta en los formularios del Sitio web, ser\u00e1 responsabilidad exclusiva del usuario.&nbsp;<\/p>\n\n\n\n<p><strong>10.&nbsp;&nbsp;&nbsp; CONTACTO<\/strong><\/p>\n\n\n\n<p>Si tiene cualquier duda o preocupaci\u00f3n acerca de la forma en que tratamos y usamos sus datos personales o desea ejercer cualquiera de los derechos anteriormente descritos, p\u00f3ngase en contacto con EMOCIONAL a trav\u00e9s de <a href=\"mailto:gdpr@wp.emocional.com\">gdpr@wp.emocional.com<\/a>.<\/p>\n\n\n\n<p>Fecha de publicaci\u00f3n: 27 de julio de 2023.<\/p>","protected":false},"excerpt":{"rendered":"<p>POL\u00cdTICA DE PRIVACIDAD La confidencialidad y la seguridad son valores primordiales para EMOCIONAL TECHNOLOGIES 22, S.L. y, en consecuencia, asumimos el compromiso de garantizar la privacidad del usuario en todo momento y de no recabar informaci\u00f3n innecesaria. A continuaci\u00f3n, le proporcionamos toda la informaci\u00f3n necesaria sobre nuestra Pol\u00edtica de Privacidad en relaci\u00f3n con los datos [&hellip;]<\/p>","protected":false},"author":3,"featured_media":0,"parent":0,"menu_order":0,"comment_status":"closed","ping_status":"closed","template":"","meta":{"_acf_changed":false,"_eb_attr":"","content-type":"","_mo_disable_npp":"","footnotes":""},"class_list":["post-3956","page","type-page","status-publish","hentry"],"acf":[],"yoast_head":"<!-- This site is optimized with the Yoast SEO plugin v27.4 - https:\/\/yoast.com\/product\/yoast-seo-wordpress\/ -->\n<title>Pol\u00edtica de privacidad - Emocional<\/title>\n<meta name=\"robots\" content=\"noindex, follow\" \/>\n<meta property=\"og:locale\" content=\"es_ES\" \/>\n<meta property=\"og:type\" content=\"article\" \/>\n<meta property=\"og:title\" content=\"Pol\u00edtica de privacidad - Emocional\" \/>\n<meta property=\"og:description\" content=\"POL\u00cdTICA DE PRIVACIDAD La confidencialidad y la seguridad son valores primordiales para EMOCIONAL TECHNOLOGIES 22, S.L. y, en consecuencia, asumimos el compromiso de garantizar la privacidad del usuario en todo momento y de no recabar informaci\u00f3n innecesaria. A continuaci\u00f3n, le proporcionamos toda la informaci\u00f3n necesaria sobre nuestra Pol\u00edtica de Privacidad en relaci\u00f3n con los datos [&hellip;]\" \/>\n<meta property=\"og:url\" content=\"https:\/\/wp.emocional.com\/co\/politica-de-privacidad\/\" \/>\n<meta property=\"og:site_name\" content=\"Emocional\" \/>\n<meta property=\"article:modified_time\" content=\"2023-09-26T13:52:32+00:00\" \/>\n<meta property=\"og:image\" content=\"https:\/\/wp.emocional.com\/wp-content\/uploads\/2023\/06\/El-software-de-RRHH-para-las-empresas-sostenibles.png\" \/>\n\t<meta property=\"og:image:width\" content=\"1200\" \/>\n\t<meta property=\"og:image:height\" content=\"630\" \/>\n\t<meta property=\"og:image:type\" content=\"image\/png\" \/>\n<meta name=\"twitter:card\" content=\"summary_large_image\" \/>\n<meta name=\"twitter:label1\" content=\"Tiempo de lectura\" \/>\n\t<meta name=\"twitter:data1\" content=\"7 minutos\" \/>\n<script type=\"application\/ld+json\" class=\"yoast-schema-graph\">{\"@context\":\"https:\\\/\\\/schema.org\",\"@graph\":[{\"@type\":\"WebPage\",\"@id\":\"https:\\\/\\\/wp.emocional.com\\\/politica-de-privacidad\\\/\",\"url\":\"https:\\\/\\\/wp.emocional.com\\\/politica-de-privacidad\\\/\",\"name\":\"Pol\u00edtica de privacidad - Emocional\",\"isPartOf\":{\"@id\":\"https:\\\/\\\/wp.emocional.com\\\/#website\"},\"datePublished\":\"2023-07-27T15:39:40+00:00\",\"dateModified\":\"2023-09-26T13:52:32+00:00\",\"breadcrumb\":{\"@id\":\"https:\\\/\\\/wp.emocional.com\\\/politica-de-privacidad\\\/#breadcrumb\"},\"inLanguage\":\"es-CO\",\"potentialAction\":[{\"@type\":\"ReadAction\",\"target\":[\"https:\\\/\\\/wp.emocional.com\\\/politica-de-privacidad\\\/\"]}]},{\"@type\":\"BreadcrumbList\",\"@id\":\"https:\\\/\\\/wp.emocional.com\\\/politica-de-privacidad\\\/#breadcrumb\",\"itemListElement\":[{\"@type\":\"ListItem\",\"position\":1,\"name\":\"Portada\",\"item\":\"https:\\\/\\\/wp.emocional.com\\\/\"},{\"@type\":\"ListItem\",\"position\":2,\"name\":\"Pol\u00edtica de privacidad\"}]},{\"@type\":\"WebSite\",\"@id\":\"https:\\\/\\\/wp.emocional.com\\\/#website\",\"url\":\"https:\\\/\\\/wp.emocional.com\\\/\",\"name\":\"Emocional\",\"description\":\"El software de RRHH para las empresas sostenibles\",\"publisher\":{\"@id\":\"https:\\\/\\\/wp.emocional.com\\\/#organization\"},\"potentialAction\":[{\"@type\":\"SearchAction\",\"target\":{\"@type\":\"EntryPoint\",\"urlTemplate\":\"https:\\\/\\\/wp.emocional.com\\\/?s={search_term_string}\"},\"query-input\":{\"@type\":\"PropertyValueSpecification\",\"valueRequired\":true,\"valueName\":\"search_term_string\"}}],\"inLanguage\":\"es-CO\"},{\"@type\":\"Organization\",\"@id\":\"https:\\\/\\\/wp.emocional.com\\\/#organization\",\"name\":\"Emocional\",\"url\":\"https:\\\/\\\/wp.emocional.com\\\/\",\"logo\":{\"@type\":\"ImageObject\",\"inLanguage\":\"es-CO\",\"@id\":\"https:\\\/\\\/wp.emocional.com\\\/#\\\/schema\\\/logo\\\/image\\\/\",\"url\":\"https:\\\/\\\/wp.emocional.com\\\/wp-content\\\/uploads\\\/2022\\\/08\\\/active-icon.png\",\"contentUrl\":\"https:\\\/\\\/wp.emocional.com\\\/wp-content\\\/uploads\\\/2022\\\/08\\\/active-icon.png\",\"width\":1401,\"height\":1401,\"caption\":\"Emocional\"},\"image\":{\"@id\":\"https:\\\/\\\/wp.emocional.com\\\/#\\\/schema\\\/logo\\\/image\\\/\"},\"sameAs\":[\"https:\\\/\\\/www.linkedin.com\\\/company\\\/emocionaltech\\\/\",\"https:\\\/\\\/www.instagram.com\\\/wp.emocional.com\\\/\",\"https:\\\/\\\/www.youtube.com\\\/channel\\\/UCGgTcRXFcH5YDw6a_wG6N1A\"]}]}<\/script>\n<!-- \/ Yoast SEO plugin. -->","yoast_head_json":{"title":"Pol\u00edtica de privacidad - Emocional","robots":{"index":"noindex","follow":"follow"},"og_locale":"es_ES","og_type":"article","og_title":"Pol\u00edtica de privacidad - Emocional","og_description":"POL\u00cdTICA DE PRIVACIDAD La confidencialidad y la seguridad son valores primordiales para EMOCIONAL TECHNOLOGIES 22, S.L. y, en consecuencia, asumimos el compromiso de garantizar la privacidad del usuario en todo momento y de no recabar informaci\u00f3n innecesaria. A continuaci\u00f3n, le proporcionamos toda la informaci\u00f3n necesaria sobre nuestra Pol\u00edtica de Privacidad en relaci\u00f3n con los datos [&hellip;]","og_url":"https:\/\/wp.emocional.com\/co\/politica-de-privacidad\/","og_site_name":"Emocional","article_modified_time":"2023-09-26T13:52:32+00:00","og_image":[{"width":1200,"height":630,"url":"https:\/\/wp.emocional.com\/wp-content\/uploads\/2023\/06\/El-software-de-RRHH-para-las-empresas-sostenibles.png","type":"image\/png"}],"twitter_card":"summary_large_image","twitter_misc":{"Tiempo de lectura":"7 minutos"},"schema":{"@context":"https:\/\/schema.org","@graph":[{"@type":"WebPage","@id":"https:\/\/wp.emocional.com\/politica-de-privacidad\/","url":"https:\/\/wp.emocional.com\/politica-de-privacidad\/","name":"Pol\u00edtica de privacidad - Emocional","isPartOf":{"@id":"https:\/\/wp.emocional.com\/#website"},"datePublished":"2023-07-27T15:39:40+00:00","dateModified":"2023-09-26T13:52:32+00:00","breadcrumb":{"@id":"https:\/\/wp.emocional.com\/politica-de-privacidad\/#breadcrumb"},"inLanguage":"es-CO","potentialAction":[{"@type":"ReadAction","target":["https:\/\/wp.emocional.com\/politica-de-privacidad\/"]}]},{"@type":"BreadcrumbList","@id":"https:\/\/wp.emocional.com\/politica-de-privacidad\/#breadcrumb","itemListElement":[{"@type":"ListItem","position":1,"name":"Portada","item":"https:\/\/wp.emocional.com\/"},{"@type":"ListItem","position":2,"name":"Pol\u00edtica de privacidad"}]},{"@type":"WebSite","@id":"https:\/\/wp.emocional.com\/#website","url":"https:\/\/wp.emocional.com\/","name":"Emocional","description":"El software de RRHH para las empresas sostenibles","publisher":{"@id":"https:\/\/wp.emocional.com\/#organization"},"potentialAction":[{"@type":"SearchAction","target":{"@type":"EntryPoint","urlTemplate":"https:\/\/wp.emocional.com\/?s={search_term_string}"},"query-input":{"@type":"PropertyValueSpecification","valueRequired":true,"valueName":"search_term_string"}}],"inLanguage":"es-CO"},{"@type":"Organization","@id":"https:\/\/wp.emocional.com\/#organization","name":"Emocional","url":"https:\/\/wp.emocional.com\/","logo":{"@type":"ImageObject","inLanguage":"es-CO","@id":"https:\/\/wp.emocional.com\/#\/schema\/logo\/image\/","url":"https:\/\/wp.emocional.com\/wp-content\/uploads\/2022\/08\/active-icon.png","contentUrl":"https:\/\/wp.emocional.com\/wp-content\/uploads\/2022\/08\/active-icon.png","width":1401,"height":1401,"caption":"Emocional"},"image":{"@id":"https:\/\/wp.emocional.com\/#\/schema\/logo\/image\/"},"sameAs":["https:\/\/www.linkedin.com\/company\/emocionaltech\/","https:\/\/www.instagram.com\/wp.emocional.com\/","https:\/\/www.youtube.com\/channel\/UCGgTcRXFcH5YDw6a_wG6N1A"]}]}},"_links":{"self":[{"href":"https:\/\/wp.emocional.com\/co\/wp-json\/wp\/v2\/pages\/3956","targetHints":{"allow":["GET"]}}],"collection":[{"href":"https:\/\/wp.emocional.com\/co\/wp-json\/wp\/v2\/pages"}],"about":[{"href":"https:\/\/wp.emocional.com\/co\/wp-json\/wp\/v2\/types\/page"}],"author":[{"embeddable":true,"href":"https:\/\/wp.emocional.com\/co\/wp-json\/wp\/v2\/users\/3"}],"replies":[{"embeddable":true,"href":"https:\/\/wp.emocional.com\/co\/wp-json\/wp\/v2\/comments?post=3956"}],"version-history":[{"count":9,"href":"https:\/\/wp.emocional.com\/co\/wp-json\/wp\/v2\/pages\/3956\/revisions"}],"predecessor-version":[{"id":4410,"href":"https:\/\/wp.emocional.com\/co\/wp-json\/wp\/v2\/pages\/3956\/revisions\/4410"}],"wp:attachment":[{"href":"https:\/\/wp.emocional.com\/co\/wp-json\/wp\/v2\/media?parent=3956"}],"curies":[{"name":"wp","href":"https:\/\/api.w.org\/{rel}","templated":true}]}}